{"id":1142,"date":"2022-06-28T11:12:34","date_gmt":"2022-06-28T11:12:34","guid":{"rendered":"https:\/\/startersites.io\/elementor\/web-agency\/?page_id=1142"},"modified":"2025-06-23T20:23:13","modified_gmt":"2025-06-23T18:23:13","slug":"accueil","status":"publish","type":"page","link":"https:\/\/www.innovrim.org\/","title":{"rendered":"Accueil"},"content":{"rendered":"\t\t<div data-elementor-type=\"wp-page\" data-elementor-id=\"1142\" class=\"elementor elementor-1142\">\n\t\t\t\t<div class=\"elementor-element elementor-element-ade21fd e-flex e-con-boxed e-con e-parent\" data-id=\"ade21fd\" data-element_type=\"container\">\n\t\t\t\t\t<div class=\"e-con-inner\">\n\t\t\t\t<div class=\"elementor-element elementor-element-4ca1add elementor-widget elementor-widget-heading\" data-id=\"4ca1add\" data-element_type=\"widget\" data-widget_type=\"heading.default\">\n\t\t\t\t<div class=\"elementor-widget-container\">\n\t\t\t\t\t<h2 class=\"elementor-heading-title elementor-size-default\"><br><br><span style=\", monospace;font-size: 13px;font-weight: 400\"><div id=\"metaslider-id-1510\" style=\"width: 100%;\" class=\"ml-slider-3-94-0 metaslider metaslider-flex metaslider-1510 ml-slider ms-theme-default-base has-dots-nav\" role=\"region\" aria-roledescription=\"Slideshow\" aria-label=\"Nouveau diaporama\">\n    <div id=\"metaslider_container_1510\">\n        <div id=\"metaslider_1510\">\n            <ul class='slides'>\n                <li style=\"display: block; width: 100%;\" class=\"slide-1511 ms-image \" aria-roledescription=\"slide\" aria-label=\"slide-1511\"><img fetchpriority=\"high\" decoding=\"async\" src=\"https:\/\/www.innovrim.org\/wp-content\/uploads\/2025\/01\/femmes4-700x500.jpg\" height=\"500\" width=\"700\" alt=\"\" class=\"slider-1510 slide-1511\" title=\"femmes4\" \/><div class=\"caption-wrap\"><div class=\"caption\"><div>Accompagnement strat\u00e9gique pour les entrepreneurs \u00e0 travers des formations, du mentorat et un acc\u00e8s aux ressources.<\/div><\/div><\/div><\/li>\n                <li style=\"display: none; width: 100%;\" class=\"slide-1512 ms-image \" aria-roledescription=\"slide\" aria-label=\"slide-1512\"><img decoding=\"async\" src=\"https:\/\/www.innovrim.org\/wp-content\/uploads\/2025\/01\/20728845_1979257219026159_5501826386830828627_o-1536x1024-1-700x500.jpg\" height=\"500\" width=\"700\" alt=\"\" class=\"slider-1510 slide-1512\" title=\"20728845_1979257219026159_5501826386830828627_o-1536x1024\" \/><div class=\"caption-wrap\"><div class=\"caption\"><div>Formation aux comp\u00e9tences num\u00e9riques : Programmes pratiques en nouvelles technologies comme le prototypage num\u00e9rique et l\u2019IoT<\/div><\/div><\/div><\/li>\n                <li style=\"display: none; width: 100%;\" class=\"slide-1513 ms-image \" aria-roledescription=\"slide\" aria-label=\"slide-1513\"><img decoding=\"async\" src=\"https:\/\/www.innovrim.org\/wp-content\/uploads\/2025\/01\/fajr1-700x500.jpg\" height=\"500\" width=\"700\" alt=\"\" class=\"slider-1510 slide-1513\" title=\"fajr1\" \/><div class=\"caption-wrap\"><div class=\"caption\"><div>SahelFabLab se veut \u00eatre au carrefour entre le monde entrepreneurial, citoyen, acad\u00e9mique et artistique. Nous y proposons r\u00e9guli\u00e8rement des ateliers (initiation aux machines, mod\u00e9lisation 3D, base de programmation Arduino,\u2026).<\/div><\/div><\/div><\/li>\n                <li style=\"display: none; width: 100%;\" class=\"slide-1789 ms-image \" aria-roledescription=\"slide\" aria-label=\"slide-1789\"><img loading=\"lazy\" decoding=\"async\" src=\"https:\/\/www.innovrim.org\/wp-content\/uploads\/2025\/01\/IMG-20190130-WA0017-1024x768-1-700x500.jpg\" height=\"500\" width=\"700\" alt=\"\" class=\"slider-1510 slide-1789\" title=\"IMG-20190130-WA0017-1024x768\" \/><div class=\"caption-wrap\"><div class=\"caption\"><div>\n<div class=\"entry-description-container\">\n<div class=\"slider-title-head\">\n<h3 class=\"entry-title\"><a title=\"INNOVER\" href=\"http:\/\/localhost\/site-web-innovrim\/\">INNOVER<\/a><\/h3>\n<\/div>\n<div class=\"entry-content\">\n<p>Nous proposons des solutions innovantes afin de r\u00e9pondre aux besoins des populations en impliquant la participation et la coop\u00e9ration des acteurs concern\u00e9s. Notre d\u00e9marche allie recherche, cr\u00e9ativit\u00e9 et exp\u00e9rimentation dans le but d\u2019\u00e9largir l\u2019impact positif social de nos projets.<\/p>\n<\/div>\n<\/div>\n<\/div><\/div><\/div><\/li>\n            <\/ul>\n        <\/div>\n        \n    <\/div>\n<\/div><\/span><\/h2>\t\t\t\t<\/div>\n\t\t\t\t<\/div>\n\t\t\t\t\t<\/div>\n\t\t\t\t<\/div>\n\t\t<div class=\"elementor-element elementor-element-eeef1bd e-flex e-con-boxed e-con e-parent\" data-id=\"eeef1bd\" data-element_type=\"container\">\n\t\t\t\t\t<div class=\"e-con-inner\">\n\t\t\t\t<div class=\"elementor-element elementor-element-5d29a09 elementor-widget elementor-widget-text-editor\" data-id=\"5d29a09\" data-element_type=\"widget\" data-widget_type=\"text-editor.default\">\n\t\t\t\t<div class=\"elementor-widget-container\">\n\t\t\t\t\t\t\t\t\t<!-- MetaSlider 1471 not found -->\t\t\t\t\t\t\t\t<\/div>\n\t\t\t\t<\/div>\n\t\t\t\t<div class=\"elementor-element elementor-element-88c46f2 elementor-widget elementor-widget-heading\" data-id=\"88c46f2\" data-element_type=\"widget\" data-widget_type=\"heading.default\">\n\t\t\t\t<div class=\"elementor-widget-container\">\n\t\t\t\t\t<h2 class=\"elementor-heading-title elementor-size-default\"><span style=\"font-weight: var(--theme-font-weight);background-color: var(--theme-palette-color-8)\">NOS ACTIONS \u00c0 LA UNE<\/span><\/h2>\t\t\t\t<\/div>\n\t\t\t\t<\/div>\n\t\t\t\t\t<\/div>\n\t\t\t\t<\/div>\n\t\t<div class=\"elementor-element elementor-element-352098f e-flex e-con-boxed e-con e-parent\" data-id=\"352098f\" data-element_type=\"container\" data-settings=\"{&quot;background_background&quot;:&quot;classic&quot;}\">\n\t\t\t\t\t<div class=\"e-con-inner\">\n\t\t<div class=\"elementor-element elementor-element-7c0e7a6 e-con-full e-flex e-con e-child\" data-id=\"7c0e7a6\" data-element_type=\"container\">\n\t\t\t\t<\/div>\n\t\t<div class=\"elementor-element elementor-element-8c12920 e-con-full e-flex e-con e-child\" data-id=\"8c12920\" data-element_type=\"container\">\n\t\t<div class=\"elementor-element elementor-element-7fb05f2 e-con-full e-flex e-con e-child\" data-id=\"7fb05f2\" data-element_type=\"container\">\n\t\t\t\t<div class=\"elementor-element elementor-element-68c74e4 elementor-widget elementor-widget-text-editor\" data-id=\"68c74e4\" data-element_type=\"widget\" data-widget_type=\"text-editor.default\">\n\t\t\t\t<div class=\"elementor-widget-container\">\n\t\t\t\t\t\t\t\t\t<p>Nos Services<\/p>\t\t\t\t\t\t\t\t<\/div>\n\t\t\t\t<\/div>\n\t\t\t\t<div class=\"elementor-element elementor-element-eff4a24 elementor-widget elementor-widget-text-editor\" data-id=\"eff4a24\" data-element_type=\"widget\" data-widget_type=\"text-editor.default\">\n\t\t\t\t<div class=\"elementor-widget-container\">\n\t\t\t\t\t\t\t\t\t<p>InnovRIM offre une gamme compl\u00e8te de services pour soutenir l&rsquo;innovation, l&rsquo;entrepreneuriat et le d\u00e9veloppement des comp\u00e9tences num\u00e9riques en Mauritanie.<\/p>\t\t\t\t\t\t\t\t<\/div>\n\t\t\t\t<\/div>\n\t\t\t\t<div class=\"elementor-element elementor-element-a3c51e1 elementor-mobile-align-center elementor-tablet-align-center elementor-widget elementor-widget-button\" data-id=\"a3c51e1\" data-element_type=\"widget\" data-widget_type=\"button.default\">\n\t\t\t\t<div class=\"elementor-widget-container\">\n\t\t\t\t\t\t\t\t\t<div class=\"elementor-button-wrapper\">\n\t\t\t\t\t<a class=\"elementor-button elementor-button-link elementor-size-sm\" href=\"#\">\n\t\t\t\t\t\t<span class=\"elementor-button-content-wrapper\">\n\t\t\t\t\t\t\t\t\t<span class=\"elementor-button-text\">En Savoire Plus<\/span>\n\t\t\t\t\t<\/span>\n\t\t\t\t\t<\/a>\n\t\t\t\t<\/div>\n\t\t\t\t\t\t\t\t<\/div>\n\t\t\t\t<\/div>\n\t\t\t\t<\/div>\n\t\t<div class=\"elementor-element elementor-element-ef73c76 e-con-full e-flex e-con e-child\" data-id=\"ef73c76\" data-element_type=\"container\">\n\t\t\t\t<div class=\"elementor-element elementor-element-722c14e elementor-view-default elementor-position-top elementor-mobile-position-top elementor-widget elementor-widget-icon-box\" data-id=\"722c14e\" data-element_type=\"widget\" data-widget_type=\"icon-box.default\">\n\t\t\t\t<div class=\"elementor-widget-container\">\n\t\t\t\t\t\t\t<div class=\"elementor-icon-box-wrapper\">\n\n\t\t\t\t\t\t<div class=\"elementor-icon-box-icon\">\n\t\t\t\t<span  class=\"elementor-icon elementor-animation-\">\n\t\t\t\t<svg aria-hidden=\"true\" class=\"e-font-icon-svg e-fas-user-graduate\" viewBox=\"0 0 448 512\" xmlns=\"http:\/\/www.w3.org\/2000\/svg\"><path d=\"M319.4 320.6L224 416l-95.4-95.4C57.1 323.7 0 382.2 0 454.4v9.6c0 26.5 21.5 48 48 48h352c26.5 0 48-21.5 48-48v-9.6c0-72.2-57.1-130.7-128.6-133.8zM13.6 79.8l6.4 1.5v58.4c-7 4.2-12 11.5-12 20.3 0 8.4 4.6 15.4 11.1 19.7L3.5 242c-1.7 6.9 2.1 14 7.6 14h41.8c5.5 0 9.3-7.1 7.6-14l-15.6-62.3C51.4 175.4 56 168.4 56 160c0-8.8-5-16.1-12-20.3V87.1l66 15.9c-8.6 17.2-14 36.4-14 57 0 70.7 57.3 128 128 128s128-57.3 128-128c0-20.6-5.3-39.8-14-57l96.3-23.2c18.2-4.4 18.2-27.1 0-31.5l-190.4-46c-13-3.1-26.7-3.1-39.7 0L13.6 48.2c-18.1 4.4-18.1 27.2 0 31.6z\"><\/path><\/svg>\t\t\t\t<\/span>\n\t\t\t<\/div>\n\t\t\t\n\t\t\t\t\t\t<div class=\"elementor-icon-box-content\">\n\n\t\t\t\t\t\t\t\t\t<h5 class=\"elementor-icon-box-title\">\n\t\t\t\t\t\t<span  >\n\t\t\t\t\t\t\t1. Incubation de Startups\t\t\t\t\t\t<\/span>\n\t\t\t\t\t<\/h5>\n\t\t\t\t\n\t\t\t\t\t\t\t\t\t<p class=\"elementor-icon-box-description\">\n\t\t\t\t\t\tL'incubation de startups aide les jeunes entreprises innovantes avec soutien, mentorat, espaces de travail et ressources pour acc\u00e9l\u00e9rer leur croissance.\t\t\t\t\t<\/p>\n\t\t\t\t\n\t\t\t<\/div>\n\t\t\t\n\t\t<\/div>\n\t\t\t\t\t\t<\/div>\n\t\t\t\t<\/div>\n\t\t\t\t<div class=\"elementor-element elementor-element-c21cc22 elementor-view-default elementor-position-top elementor-mobile-position-top elementor-widget elementor-widget-icon-box\" data-id=\"c21cc22\" data-element_type=\"widget\" data-widget_type=\"icon-box.default\">\n\t\t\t\t<div class=\"elementor-widget-container\">\n\t\t\t\t\t\t\t<div class=\"elementor-icon-box-wrapper\">\n\n\t\t\t\t\t\t<div class=\"elementor-icon-box-icon\">\n\t\t\t\t<span  class=\"elementor-icon elementor-animation-\">\n\t\t\t\t<svg xmlns=\"http:\/\/www.w3.org\/2000\/svg\" viewBox=\"0 0 70 70\" style=\"enable-background:new 0 0 70 70\" xml:space=\"preserve\"><circle cx=\"41.8\" cy=\"40.8\" r=\"28.2\" style=\"fill:#ffd800\"><\/circle><path d=\"M25.5 49.2c-13 0-22.9-8.3-25.1-19.8-2.4-13 6.4-25.7 19.5-28 5.8-1 11.4 0 16.5 3 .3.2.5.1.7-.1.6-.7 1.2-1.3 1.9-2 .5-.5 1-.6 1.6-.4.6.2.9.7.9 1.4l.3 3.6c0 .4.2.5.6.6 1.2.1 2.5.2 3.7.3.6 0 1.1.3 1.3.9.2.6.1 1.1-.4 1.5l-2 2c-.2.2-.2.4-.1.7 2.9 5 3.9 10.5 3 16.2-1 6.2-4.1 11.2-9 15-4.3 3.5-9.2 5.1-13.4 5.1zm9.2-42.5c-7.6-4.5-19.3-4-26.7 4.6-7.3 8.5-6.8 21.6 1.8 29.5 8 7.4 20.6 7.6 28.8.1 8.4-7.7 8.4-19.2 4.1-26.2-.4.4-.8.9-1.2 1.3-.5.6-1.1.8-1.9.7-.6-.1-1.1-.1-1.8-.2 1.5 2.4 2.3 4.9 2.5 7.6.2 2.7-.3 5.3-1.5 7.8-1.1 2.5-2.8 4.5-5 6.2-6 4.4-14.1 4.3-19.8-.5C8.3 33 6.3 25.1 9.6 18.2c1.5-3.2 3.8-5.6 6.9-7.2 5.5-2.8 10.9-2.5 16.3.6-.1-.7-.1-1.3-.2-2-.1-.6.1-1.1.5-1.5.6-.5 1.1-.9 1.6-1.4zm-6.3 12c1.4-1.3 2.7-2.6 4-4-4.6-3.9-12.5-4.3-17.8 1.1-5.2 5.3-5 13.8.4 19 5.2 5 13.7 4.8 18.8-.6 5-5.3 4.3-13.1.7-17.3-1.3 1.3-2.6 2.7-4 4 2.6 4.1.9 8.5-2 10.5-3 2.1-7.1 1.7-9.8-.9-2.6-2.6-2.9-6.7-.8-9.7 1.9-2.8 6.3-4.6 10.5-2.1zm-2 2.3c-1.7-1.2-4.6-.7-6 1.1-1.6 1.9-1.4 4.8.4 6.5 1.8 1.7 4.7 1.8 6.5.1 1.6-1.5 2.1-4.3 1-5.8-.1.1-.2.2-.4.3L25.1 26c-.6.6-1.5.6-2 0-.5-.5-.5-1.4.1-2l2.3-2.3c.3-.2.6-.4.9-.7zm16.5-10.5c0-.1-.1-.1-.1-.2-.7-.1-1.4-.1-2.1-.2-1-.1-1.5-.6-1.6-1.6-.1-.7-.1-1.4-.2-2.2-.9.9-1.6 1.7-2.4 2.4-.7.6-1.1 1.2-.9 2.2.2.8.2 1.6.2 2.4l3.3.3c.2 0 .4-.1.6-.2.8-.8 1.6-1.6 2.5-2.4.2-.2.5-.3.7-.5z\"><\/path><\/svg>\t\t\t\t<\/span>\n\t\t\t<\/div>\n\t\t\t\n\t\t\t\t\t\t<div class=\"elementor-icon-box-content\">\n\n\t\t\t\t\t\t\t\t\t<h5 class=\"elementor-icon-box-title\">\n\t\t\t\t\t\t<span  >\n\t\t\t\t\t\t\t3. Formations en Comp\u00e9tences Num\u00e9riques\t\t\t\t\t\t<\/span>\n\t\t\t\t\t<\/h5>\n\t\t\t\t\n\t\t\t\t\t\t\t\t\t<p class=\"elementor-icon-box-description\">\n\t\t\t\t\t\tLes formations en comp\u00e9tences num\u00e9riques d\u00e9veloppent les aptitudes pour ma\u00eetriser les outils et technologies num\u00e9riques, de l'informatique de base \u00e0 la programmation avanc\u00e9e.\t\t\t\t\t<\/p>\n\t\t\t\t\n\t\t\t<\/div>\n\t\t\t\n\t\t<\/div>\n\t\t\t\t\t\t<\/div>\n\t\t\t\t<\/div>\n\t\t\t\t<\/div>\n\t\t<div class=\"elementor-element elementor-element-c586380 e-con-full e-flex e-con e-child\" data-id=\"c586380\" data-element_type=\"container\">\n\t\t\t\t<div class=\"elementor-element elementor-element-877babe elementor-view-default elementor-position-top elementor-mobile-position-top elementor-widget elementor-widget-icon-box\" data-id=\"877babe\" data-element_type=\"widget\" data-widget_type=\"icon-box.default\">\n\t\t\t\t<div class=\"elementor-widget-container\">\n\t\t\t\t\t\t\t<div class=\"elementor-icon-box-wrapper\">\n\n\t\t\t\t\t\t<div class=\"elementor-icon-box-icon\">\n\t\t\t\t<span  class=\"elementor-icon elementor-animation-\">\n\t\t\t\t<svg aria-hidden=\"true\" class=\"e-font-icon-svg e-fas-laptop-code\" viewBox=\"0 0 640 512\" xmlns=\"http:\/\/www.w3.org\/2000\/svg\"><path d=\"M255.03 261.65c6.25 6.25 16.38 6.25 22.63 0l11.31-11.31c6.25-6.25 6.25-16.38 0-22.63L253.25 192l35.71-35.72c6.25-6.25 6.25-16.38 0-22.63l-11.31-11.31c-6.25-6.25-16.38-6.25-22.63 0l-58.34 58.34c-6.25 6.25-6.25 16.38 0 22.63l58.35 58.34zm96.01-11.3l11.31 11.31c6.25 6.25 16.38 6.25 22.63 0l58.34-58.34c6.25-6.25 6.25-16.38 0-22.63l-58.34-58.34c-6.25-6.25-16.38-6.25-22.63 0l-11.31 11.31c-6.25 6.25-6.25 16.38 0 22.63L386.75 192l-35.71 35.72c-6.25 6.25-6.25 16.38 0 22.63zM624 416H381.54c-.74 19.81-14.71 32-32.74 32H288c-18.69 0-33.02-17.47-32.77-32H16c-8.8 0-16 7.2-16 16v16c0 35.2 28.8 64 64 64h512c35.2 0 64-28.8 64-64v-16c0-8.8-7.2-16-16-16zM576 48c0-26.4-21.6-48-48-48H112C85.6 0 64 21.6 64 48v336h512V48zm-64 272H128V64h384v256z\"><\/path><\/svg>\t\t\t\t<\/span>\n\t\t\t<\/div>\n\t\t\t\n\t\t\t\t\t\t<div class=\"elementor-icon-box-content\">\n\n\t\t\t\t\t\t\t\t\t<h5 class=\"elementor-icon-box-title\">\n\t\t\t\t\t\t<span  >\n\t\t\t\t\t\t\t2. FabLab - Espace de Fabrication Num\u00e9rique\t\t\t\t\t\t<\/span>\n\t\t\t\t\t<\/h5>\n\t\t\t\t\n\t\t\t\t\t\t\t\t\t<p class=\"elementor-icon-box-description\">\n\t\t\t\t\t\tUn espace collaboratif \u00e9quip\u00e9 d'outils num\u00e9riques et technologiques (imprimantes 3D, d\u00e9coupe laser, etc.) permettant de concevoir, prototyper et fabriquer des projets innovants.\t\t\t\t\t<\/p>\n\t\t\t\t\n\t\t\t<\/div>\n\t\t\t\n\t\t<\/div>\n\t\t\t\t\t\t<\/div>\n\t\t\t\t<\/div>\n\t\t\t\t<div class=\"elementor-element elementor-element-cba3bb0 elementor-view-default elementor-position-top elementor-mobile-position-top elementor-widget elementor-widget-icon-box\" data-id=\"cba3bb0\" data-element_type=\"widget\" data-widget_type=\"icon-box.default\">\n\t\t\t\t<div class=\"elementor-widget-container\">\n\t\t\t\t\t\t\t<div class=\"elementor-icon-box-wrapper\">\n\n\t\t\t\t\t\t<div class=\"elementor-icon-box-icon\">\n\t\t\t\t<span  class=\"elementor-icon elementor-animation-\">\n\t\t\t\t<svg xmlns=\"http:\/\/www.w3.org\/2000\/svg\" viewBox=\"0 0 70 70\" style=\"enable-background:new 0 0 70 70\" xml:space=\"preserve\"><circle cx=\"39.8\" cy=\"39.1\" r=\"30.2\" style=\"fill:#ffd800\"><\/circle><path d=\"M30.7 2.9c-.7 4.8-1.5 9.6-2.2 14.4-.5 3.6-1.1 7.1-1.6 10.7-.6 4-1.2 8.1-1.8 12.1-.2 1.2-1.1 1.9-2.2 1.7-1-.1-1.7-1-1.7-2.3.2-1.6.5-3.5.8-5.4.5-3 .9-6.1 1.4-9.1l2.1-13.8c.5-2.9.9-5.9 1.4-8.8.2-1.2 1.1-1.9 2.2-1.7 1.1.1 1.8 1.1 1.6 2.2zM9.8 26.7c-1.7-1.8-3.4-3.6-5.2-5.5 1.4-1.5 2.8-2.9 4.1-4.4 2.1-2.3 4.3-4.6 6.5-6.8.5-.5.8-1 .6-1.8-.1-.8-.6-1.3-1.4-1.6-.8-.3-1.5.1-2.1.7-3.8 4-7.6 8.1-11.4 12.1-1.2 1.3-1.2 2.2 0 3.4 3.2 3.4 6.5 6.9 9.7 10.3.6.7 1.2 1.3 1.9 2 1 1 2.3.8 3.1-.2.5-.8.4-1.7-.3-2.5-1.9-1.9-3.7-3.8-5.5-5.7zm41.4-6.9-4.8-5.1c-2.3-2.4-4.6-4.9-6.9-7.3-.7-.8-1.6-1-2.4-.6-1.3.6-1.5 2.1-.5 3.2l5.7 6c1.6 1.7 3.2 3.4 4.9 5.2-.6.6-1.1 1.2-1.7 1.8-3 3.1-5.9 6.3-8.9 9.4-.7.7-.9 1.6-.5 2.3.7 1.3 2.2 1.4 3.3.3 3.9-4.1 7.8-8.3 11.7-12.4 1-.9 1-1.9.1-2.8z\"><\/path><\/svg>\t\t\t\t<\/span>\n\t\t\t<\/div>\n\t\t\t\n\t\t\t\t\t\t<div class=\"elementor-icon-box-content\">\n\n\t\t\t\t\t\t\t\t\t<h5 class=\"elementor-icon-box-title\">\n\t\t\t\t\t\t<span  >\n\t\t\t\t\t\t\t4. Projets de Cr\u00e9ation Artistique et Art Num\u00e9rique\t\t\t\t\t\t<\/span>\n\t\t\t\t\t<\/h5>\n\t\t\t\t\n\t\t\t\t\t\t\t\t\t<p class=\"elementor-icon-box-description\">\n\t\t\t\t\t\tLes projets de cr\u00e9ation artistique et d'art num\u00e9rique allient cr\u00e9ativit\u00e9 et technologie pour concevoir des \u0153uvres innovantes en utilisant des outils num\u00e9riques.\t\t\t\t\t<\/p>\n\t\t\t\t\n\t\t\t<\/div>\n\t\t\t\n\t\t<\/div>\n\t\t\t\t\t\t<\/div>\n\t\t\t\t<\/div>\n\t\t\t\t<\/div>\n\t\t\t\t<\/div>\n\t\t\t\t\t<\/div>\n\t\t\t\t<\/div>\n\t\t<div class=\"elementor-element elementor-element-b10934b e-flex e-con-boxed e-con e-parent\" data-id=\"b10934b\" data-element_type=\"container\">\n\t\t\t\t\t<div class=\"e-con-inner\">\n\t\t<div class=\"elementor-element elementor-element-04ccba3 e-con-full e-flex e-con e-child\" data-id=\"04ccba3\" data-element_type=\"container\">\n\t\t\t\t<div class=\"elementor-element elementor-element-6ff4b8b elementor-widget elementor-widget-heading\" data-id=\"6ff4b8b\" data-element_type=\"widget\" data-widget_type=\"heading.default\">\n\t\t\t\t<div class=\"elementor-widget-container\">\n\t\t\t\t\t<h2 class=\"elementor-heading-title elementor-size-default\">Nos Projets<\/h2>\t\t\t\t<\/div>\n\t\t\t\t<\/div>\n\t\t\t\t<\/div>\n\t\t\t\t<div class=\"elementor-element elementor-element-f085169 elementor-widget elementor-widget-heading\" data-id=\"f085169\" data-element_type=\"widget\" data-widget_type=\"heading.default\">\n\t\t\t\t<div class=\"elementor-widget-container\">\n\t\t\t\t\t<h2 class=\"elementor-heading-title elementor-size-default\"><div id=\"wpwrap\"><div id=\"wpcontent\"><div id=\"wpbody\" role=\"main\"><div id=\"wpbody-content\"><div id=\"n2-admin\" class=\"n2 n2_admin n2_admin_ui fitvidsignore\" data-autoplay=\"0\"><div class=\"n2_admin__content\"><div class=\"n2_form n2_form_tabbed\"><div class=\"n2_form__tab n2_form__tab--active\" data-related-form=\"n2_form_1\" data-tab=\"n2_form__tab_slider_general\"><div class=\"n2_form__table\" data-field=\"table-publish\"><div class=\"n2_form__table_rows\" data-field=\"table-rows-publish\"><div class=\"n2_form__table_row_plain\" data-field=\"table-row-plain-publish\"><div class=\"n2_ss_slider_publish\"><div class=\"n2_ss_slider_publish__option\"><div class=\"n2_ss_slider_publish__option_code\" data-mode=\"id\" dir=\"ltr\">\n            \n        <\/div><\/div><\/div><\/div><\/div><\/div><\/div><\/div><\/div><\/div><\/div><\/div><\/div><\/div><\/h2>\t\t\t\t<\/div>\n\t\t\t\t<\/div>\n\t\t\t\t\t<\/div>\n\t\t\t\t<\/div>\n\t\t<div class=\"elementor-element elementor-element-4efaa30 e-flex e-con-boxed e-con e-parent\" data-id=\"4efaa30\" data-element_type=\"container\">\n\t\t\t\t\t<div class=\"e-con-inner\">\n\t\t<div class=\"elementor-element elementor-element-d35fcba e-flex e-con-boxed e-con e-child\" data-id=\"d35fcba\" data-element_type=\"container\">\n\t\t\t\t\t<div class=\"e-con-inner\">\n\t\t\t\t<div class=\"elementor-element elementor-element-e899c17 elementor-widget-mobile__width-inherit elementor-widget__width-inherit elementor-widget elementor-widget-image\" data-id=\"e899c17\" data-element_type=\"widget\" data-widget_type=\"image.default\">\n\t\t\t\t<div class=\"elementor-widget-container\">\n\t\t\t\t\t\t\t\t\t\t\t\t\t\t\t<img loading=\"lazy\" decoding=\"async\" width=\"1024\" height=\"401\" src=\"https:\/\/www.innovrim.org\/wp-content\/uploads\/2025\/01\/partenaires-1-1024x401.png\" class=\"attachment-large size-large wp-image-1783\" alt=\"\" srcset=\"https:\/\/www.innovrim.org\/wp-content\/uploads\/2025\/01\/partenaires-1-1024x401.png 1024w, https:\/\/www.innovrim.org\/wp-content\/uploads\/2025\/01\/partenaires-1-300x117.png 300w, https:\/\/www.innovrim.org\/wp-content\/uploads\/2025\/01\/partenaires-1-768x301.png 768w, https:\/\/www.innovrim.org\/wp-content\/uploads\/2025\/01\/partenaires-1-1536x601.png 1536w, https:\/\/www.innovrim.org\/wp-content\/uploads\/2025\/01\/partenaires-1.png 1932w\" sizes=\"(max-width: 1024px) 100vw, 1024px\" \/>\t\t\t\t\t\t\t\t\t\t\t\t\t\t\t<\/div>\n\t\t\t\t<\/div>\n\t\t\t\t\t<\/div>\n\t\t\t\t<\/div>\n\t\t\t\t\t<\/div>\n\t\t\t\t<\/div>\n\t\t<div class=\"elementor-element elementor-element-3963b3f e-flex e-con-boxed e-con e-parent\" data-id=\"3963b3f\" data-element_type=\"container\">\n\t\t\t\t\t<div class=\"e-con-inner\">\n\t\t<div class=\"elementor-element elementor-element-47da2f4 e-con-full e-flex e-con e-child\" data-id=\"47da2f4\" data-element_type=\"container\" data-settings=\"{&quot;background_background&quot;:&quot;classic&quot;}\">\n\t\t<div class=\"elementor-element elementor-element-10e9ecd e-con-full e-flex e-con e-child\" data-id=\"10e9ecd\" data-element_type=\"container\">\n\t\t\t\t<div class=\"elementor-element elementor-element-0087b1d elementor-widget elementor-widget-heading\" data-id=\"0087b1d\" data-element_type=\"widget\" data-widget_type=\"heading.default\">\n\t\t\t\t<div class=\"elementor-widget-container\">\n\t\t\t\t\t<h4 class=\"elementor-heading-title elementor-size-default\">Have a Project in Mind?<\/h4>\t\t\t\t<\/div>\n\t\t\t\t<\/div>\n\t\t\t\t<div class=\"elementor-element elementor-element-80885df elementor-widget elementor-widget-text-editor\" data-id=\"80885df\" data-element_type=\"widget\" data-widget_type=\"text-editor.default\">\n\t\t\t\t<div class=\"elementor-widget-container\">\n\t\t\t\t\t\t\t\t\t<p>Nullam eget felis eget nunc lobortis. Faucibus ornare suspendisse sed nisi sagittis.<\/p>\t\t\t\t\t\t\t\t<\/div>\n\t\t\t\t<\/div>\n\t\t\t\t<\/div>\n\t\t<div class=\"elementor-element elementor-element-1171e97 e-con-full e-flex e-con e-child\" data-id=\"1171e97\" data-element_type=\"container\">\n\t\t\t\t<div class=\"elementor-element elementor-element-94e4d4b elementor-mobile-align-center elementor-align-right elementor-widget elementor-widget-button\" data-id=\"94e4d4b\" data-element_type=\"widget\" data-widget_type=\"button.default\">\n\t\t\t\t<div class=\"elementor-widget-container\">\n\t\t\t\t\t\t\t\t\t<div class=\"elementor-button-wrapper\">\n\t\t\t\t\t<a class=\"elementor-button elementor-button-link elementor-size-sm\" href=\"#\">\n\t\t\t\t\t\t<span class=\"elementor-button-content-wrapper\">\n\t\t\t\t\t\t\t\t\t<span class=\"elementor-button-text\">Get in Touch<\/span>\n\t\t\t\t\t<\/span>\n\t\t\t\t\t<\/a>\n\t\t\t\t<\/div>\n\t\t\t\t\t\t\t\t<\/div>\n\t\t\t\t<\/div>\n\t\t\t\t<\/div>\n\t\t\t\t<\/div>\n\t\t\t\t\t<\/div>\n\t\t\t\t<\/div>\n\t\t<div class=\"elementor-element elementor-element-a6bfda4 e-flex e-con-boxed e-con e-parent\" data-id=\"a6bfda4\" data-element_type=\"container\">\n\t\t\t\t\t<div class=\"e-con-inner\">\n\t\t\t\t<div class=\"elementor-element elementor-element-a933ea4 elementor-widget elementor-widget-text-editor\" data-id=\"a933ea4\" data-element_type=\"widget\" data-widget_type=\"text-editor.default\">\n\t\t\t\t<div class=\"elementor-widget-container\">\n\t\t\t\t\t\t\t\t\t<p>Fusce dignissim blandit justo, eget elementum risus tristique. Nunc lacus lacus, sit amet accumsan est pulvinar non. Praesent tristique enim lorem.<\/p>\t\t\t\t\t\t\t\t<\/div>\n\t\t\t\t<\/div>\n\t\t\t\t\t<\/div>\n\t\t\t\t<\/div>\n\t\t\t\t<\/div>\n\t\t","protected":false},"excerpt":{"rendered":"<p>NOS ACTIONS \u00c0 LA UNE Nos Services InnovRIM offre une gamme compl\u00e8te de services pour soutenir l&rsquo;innovation, l&rsquo;entrepreneuriat et le d\u00e9veloppement des comp\u00e9tences num\u00e9riques en Mauritanie. En Savoire Plus 1. Incubation de Startups L&rsquo;incubation de startups aide les jeunes entreprises innovantes avec soutien, mentorat, espaces de travail et ressources pour acc\u00e9l\u00e9rer leur croissance. &nbsp; 3. [&hellip;]<\/p>\n","protected":false},"author":3,"featured_media":0,"parent":0,"menu_order":0,"comment_status":"closed","ping_status":"closed","template":"","meta":{"ngg_post_thumbnail":0,"_vp_format_video_url":"","_vp_image_focal_point":[],"footnotes":""},"class_list":["post-1142","page","type-page","status-publish","hentry"],"_links":{"self":[{"href":"https:\/\/www.innovrim.org\/index.php\/wp-json\/wp\/v2\/pages\/1142","targetHints":{"allow":["GET"]}}],"collection":[{"href":"https:\/\/www.innovrim.org\/index.php\/wp-json\/wp\/v2\/pages"}],"about":[{"href":"https:\/\/www.innovrim.org\/index.php\/wp-json\/wp\/v2\/types\/page"}],"author":[{"embeddable":true,"href":"https:\/\/www.innovrim.org\/index.php\/wp-json\/wp\/v2\/users\/3"}],"replies":[{"embeddable":true,"href":"https:\/\/www.innovrim.org\/index.php\/wp-json\/wp\/v2\/comments?post=1142"}],"version-history":[{"count":197,"href":"https:\/\/www.innovrim.org\/index.php\/wp-json\/wp\/v2\/pages\/1142\/revisions"}],"predecessor-version":[{"id":2226,"href":"https:\/\/www.innovrim.org\/index.php\/wp-json\/wp\/v2\/pages\/1142\/revisions\/2226"}],"wp:attachment":[{"href":"https:\/\/www.innovrim.org\/index.php\/wp-json\/wp\/v2\/media?parent=1142"}],"curies":[{"name":"wp","href":"https:\/\/api.w.org\/{rel}","templated":true}]}}