{"id":777,"date":"2022-06-28T08:06:38","date_gmt":"2022-06-28T08:06:38","guid":{"rendered":"https:\/\/startersites.io\/elementor\/web-agency\/?page_id=777"},"modified":"2025-01-21T17:40:17","modified_gmt":"2025-01-21T16:40:17","slug":"tiers-lieu","status":"publish","type":"page","link":"https:\/\/www.innovrim.org\/index.php\/tiers-lieu\/","title":{"rendered":"Tiers Lieux"},"content":{"rendered":"\t\t<div data-elementor-type=\"wp-page\" data-elementor-id=\"777\" class=\"elementor elementor-777\">\n\t\t\t\t<div class=\"elementor-element elementor-element-fde417e e-flex e-con-boxed e-con e-parent\" data-id=\"fde417e\" data-element_type=\"container\">\n\t\t\t\t\t<div class=\"e-con-inner\">\n\t\t\t\t<div class=\"elementor-element elementor-element-9ef720d elementor-widget elementor-widget-text-editor\" data-id=\"9ef720d\" data-element_type=\"widget\" data-widget_type=\"text-editor.default\">\n\t\t\t\t<div class=\"elementor-widget-container\">\n\t\t\t\t\t\t\t\t\t<p>Le <strong>Tiers-Lieu InnovRim<\/strong> est un espace multifonctionnel d\u00e9di\u00e9 \u00e0 la promotion de l&rsquo;innovation, de la cr\u00e9ativit\u00e9 et de l&rsquo;entrepreneuriat, con\u00e7u pour r\u00e9pondre aux besoins des jeunes, des entrepreneurs, des artisans et de la communaut\u00e9 locale en g\u00e9n\u00e9ral. Situ\u00e9 \u00e0 Nouakchott, en Mauritanie, il se positionne comme un catalyseur de comp\u00e9tences et d\u2019id\u00e9es pour relever les d\u00e9fis sociaux, \u00e9conomiques et environnementaux \u00e0 travers des solutions modernes et inclusives.<\/p>\t\t\t\t\t\t\t\t<\/div>\n\t\t\t\t<\/div>\n\t\t\t\t\t<\/div>\n\t\t\t\t<\/div>\n\t\t<div class=\"elementor-element elementor-element-987b703 e-flex e-con-boxed e-con e-parent\" data-id=\"987b703\" data-element_type=\"container\">\n\t\t\t\t\t<div class=\"e-con-inner\">\n\t\t\t\t<div class=\"elementor-element elementor-element-15edf97 elementor-widget elementor-widget-heading\" data-id=\"15edf97\" data-element_type=\"widget\" data-widget_type=\"heading.default\">\n\t\t\t\t<div class=\"elementor-widget-container\">\n\t\t\t\t\t<h2 class=\"elementor-heading-title elementor-size-default\">Caract\u00e9ristiques principales du tiers-lieu InnovRim<\/h2>\t\t\t\t<\/div>\n\t\t\t\t<\/div>\n\t\t\t\t\t<\/div>\n\t\t\t\t<\/div>\n\t\t<div class=\"elementor-element elementor-element-e472bb8 e-flex e-con-boxed e-con e-parent\" data-id=\"e472bb8\" data-element_type=\"container\">\n\t\t\t\t\t<div class=\"e-con-inner\">\n\t\t\t\t<div class=\"elementor-element elementor-element-5cef5ef elementor-widget elementor-widget-text-editor\" data-id=\"5cef5ef\" data-element_type=\"widget\" data-widget_type=\"text-editor.default\">\n\t\t\t\t<div class=\"elementor-widget-container\">\n\t\t\t\t\t\t\t\t\t<h4><strong>Espace de D\u00e9tente<\/strong><\/h4><ul><li><strong>Bien-\u00eatre et socialisation :<\/strong> Coin lecture, espaces ext\u00e9rieurs ombrag\u00e9s, et acc\u00e8s \u00e0 des boissons relaxantes.<\/li><\/ul>\t\t\t\t\t\t\t\t<\/div>\n\t\t\t\t<\/div>\n\t\t<div class=\"elementor-element elementor-element-7bf52dd e-con-full e-flex e-con e-child\" data-id=\"7bf52dd\" data-element_type=\"container\">\n\t\t\t\t<div class=\"elementor-element elementor-element-f121bd6 elementor-widget elementor-widget-image\" data-id=\"f121bd6\" data-element_type=\"widget\" data-widget_type=\"image.default\">\n\t\t\t\t<div class=\"elementor-widget-container\">\n\t\t\t\t\t\t\t\t\t\t\t\t\t\t\t<img fetchpriority=\"high\" decoding=\"async\" width=\"1024\" height=\"768\" src=\"https:\/\/www.innovrim.org\/wp-content\/uploads\/2025\/01\/WhatsApp-Image-2025-01-20-at-4.36.12-PM-1024x768.jpeg\" class=\"attachment-large size-large wp-image-2206\" alt=\"\" srcset=\"https:\/\/www.innovrim.org\/wp-content\/uploads\/2025\/01\/WhatsApp-Image-2025-01-20-at-4.36.12-PM-1024x768.jpeg 1024w, https:\/\/www.innovrim.org\/wp-content\/uploads\/2025\/01\/WhatsApp-Image-2025-01-20-at-4.36.12-PM-300x225.jpeg 300w, https:\/\/www.innovrim.org\/wp-content\/uploads\/2025\/01\/WhatsApp-Image-2025-01-20-at-4.36.12-PM-768x576.jpeg 768w, https:\/\/www.innovrim.org\/wp-content\/uploads\/2025\/01\/WhatsApp-Image-2025-01-20-at-4.36.12-PM-1536x1152.jpeg 1536w, https:\/\/www.innovrim.org\/wp-content\/uploads\/2025\/01\/WhatsApp-Image-2025-01-20-at-4.36.12-PM-2048x1536.jpeg 2048w, https:\/\/www.innovrim.org\/wp-content\/uploads\/2025\/01\/WhatsApp-Image-2025-01-20-at-4.36.12-PM-500x375.jpeg 500w, https:\/\/www.innovrim.org\/wp-content\/uploads\/2025\/01\/WhatsApp-Image-2025-01-20-at-4.36.12-PM-800x600.jpeg 800w, https:\/\/www.innovrim.org\/wp-content\/uploads\/2025\/01\/WhatsApp-Image-2025-01-20-at-4.36.12-PM-1280x960.jpeg 1280w, https:\/\/www.innovrim.org\/wp-content\/uploads\/2025\/01\/WhatsApp-Image-2025-01-20-at-4.36.12-PM-1920x1440.jpeg 1920w\" sizes=\"(max-width: 1024px) 100vw, 1024px\" \/>\t\t\t\t\t\t\t\t\t\t\t\t\t\t\t<\/div>\n\t\t\t\t<\/div>\n\t\t\t\t<\/div>\n\t\t<div class=\"elementor-element elementor-element-db37cc3 e-con-full e-flex e-con e-child\" data-id=\"db37cc3\" data-element_type=\"container\">\n\t\t\t\t<div class=\"elementor-element elementor-element-7d2e22b elementor-widget__width-initial elementor-widget elementor-widget-text-editor\" data-id=\"7d2e22b\" data-element_type=\"widget\" data-widget_type=\"text-editor.default\">\n\t\t\t\t<div class=\"elementor-widget-container\">\n\t\t\t\t\t\t\t\t\t<p>\u00a0<strong>Activit\u00e9s communautaires :<\/strong> Projections, mini-concerts, et ateliers informels dans une atmosph\u00e8re conviviale.<\/p><ul><li><strong>Am\u00e9nagement apaisant :<\/strong> Mobilier ergonomique, v\u00e9g\u00e9tation et ambiance lumineuse pour recharger ses batteries.<\/li><\/ul>\t\t\t\t\t\t\t\t<\/div>\n\t\t\t\t<\/div>\n\t\t\t\t<\/div>\n\t\t<div class=\"elementor-element elementor-element-4b3da9b e-con-full e-flex e-con e-child\" data-id=\"4b3da9b\" data-element_type=\"container\">\n\t\t\t\t<div class=\"elementor-element elementor-element-b100a5e elementor-widget elementor-widget-text-editor\" data-id=\"b100a5e\" data-element_type=\"widget\" data-widget_type=\"text-editor.default\">\n\t\t\t\t<div class=\"elementor-widget-container\">\n\t\t\t\t\t\t\t\t\t<h4><strong>Espace d\u2019Exp\u00e9rimentation<\/strong><\/h4><ul><li><strong>Technologie et agriculture :<\/strong> Exp\u00e9rimentation avec des outils IoT pour l\u2019irrigation intelligente, l\u2019agriculture de pr\u00e9cision, et les s\u00e9choirs solaires.<\/li><li><strong>Prototypage et innovation :<\/strong> D\u00e9veloppement de produits artisanaux, agricoles et industriels \u00e0 travers des projets pilotes.<\/li><li><strong>Collaboration :<\/strong> Un environnement de co-cr\u00e9ation pour chercheurs, \u00e9tudiants, et entrepreneurs.<\/li><\/ul>\t\t\t\t\t\t\t\t<\/div>\n\t\t\t\t<\/div>\n\t\t\t\t<\/div>\n\t\t<div class=\"elementor-element elementor-element-6db2487 e-con-full e-flex e-con e-child\" data-id=\"6db2487\" data-element_type=\"container\">\n\t\t\t\t<div class=\"elementor-element elementor-element-088060e elementor-widget elementor-widget-image\" data-id=\"088060e\" data-element_type=\"widget\" data-widget_type=\"image.default\">\n\t\t\t\t<div class=\"elementor-widget-container\">\n\t\t\t\t\t\t\t\t\t\t\t\t\t\t\t<img decoding=\"async\" width=\"1000\" height=\"450\" src=\"https:\/\/www.innovrim.org\/wp-content\/uploads\/2025\/01\/WhatsApp-Image-2025-01-20-at-4.46.22-PM-7.jpeg\" class=\"attachment-1536x1536 size-1536x1536 wp-image-2205\" alt=\"\" srcset=\"https:\/\/www.innovrim.org\/wp-content\/uploads\/2025\/01\/WhatsApp-Image-2025-01-20-at-4.46.22-PM-7.jpeg 1000w, https:\/\/www.innovrim.org\/wp-content\/uploads\/2025\/01\/WhatsApp-Image-2025-01-20-at-4.46.22-PM-7-300x135.jpeg 300w, https:\/\/www.innovrim.org\/wp-content\/uploads\/2025\/01\/WhatsApp-Image-2025-01-20-at-4.46.22-PM-7-768x346.jpeg 768w, https:\/\/www.innovrim.org\/wp-content\/uploads\/2025\/01\/WhatsApp-Image-2025-01-20-at-4.46.22-PM-7-500x225.jpeg 500w, https:\/\/www.innovrim.org\/wp-content\/uploads\/2025\/01\/WhatsApp-Image-2025-01-20-at-4.46.22-PM-7-800x360.jpeg 800w\" sizes=\"(max-width: 1000px) 100vw, 1000px\" \/>\t\t\t\t\t\t\t\t\t\t\t\t\t\t\t<\/div>\n\t\t\t\t<\/div>\n\t\t\t\t<div class=\"elementor-element elementor-element-55fe5df elementor-widget elementor-widget-text-editor\" data-id=\"55fe5df\" data-element_type=\"widget\" data-widget_type=\"text-editor.default\">\n\t\t\t\t<div class=\"elementor-widget-container\">\n\t\t\t\t\t\t\t\t\t<h4><strong>Espaces Potagers<\/strong><\/h4><ul><li><strong>Agriculture urbaine :<\/strong> Formation pratique en permaculture, irrigation automatis\u00e9e et gestion durable des ressources.<\/li><li><strong>Engagement communautaire :<\/strong> Parcelles collaboratives pour sensibiliser les habitants \u00e0 l\u2019autosuffisance alimentaire.<\/li><li><strong>Valorisation des produits locaux :<\/strong> Production d\u2019herbes m\u00e9dicinales et aromatiques pour des projets artisanaux (savons, th\u00e9s).<\/li><\/ul>\t\t\t\t\t\t\t\t<\/div>\n\t\t\t\t<\/div>\n\t\t\t\t<\/div>\n\t\t\t\t\t<\/div>\n\t\t\t\t<\/div>\n\t\t<div class=\"elementor-element elementor-element-3e4c656 e-flex e-con-boxed e-con e-parent\" data-id=\"3e4c656\" data-element_type=\"container\">\n\t\t\t\t\t<div class=\"e-con-inner\">\n\t\t\t\t<div class=\"elementor-element elementor-element-ab6f5e4 elementor-widget elementor-widget-text-editor\" data-id=\"ab6f5e4\" data-element_type=\"widget\" data-widget_type=\"text-editor.default\">\n\t\t\t\t<div class=\"elementor-widget-container\">\n\t\t\t\t\t\t\t\t\t<div id=\"metaslider-id-2215\" style=\"width: 100%;\" class=\"ml-slider-3-94-0 metaslider metaslider-flex metaslider-2215 ml-slider ms-theme-default-base has-dots-nav\" role=\"region\" aria-roledescription=\"Slideshow\" aria-label=\"TierLieu\">\n    <div id=\"metaslider_container_2215\">\n        <div id=\"metaslider_2215\">\n            <ul class='slides'>\n                <li style=\"display: block; width: 100%;\" class=\"slide-2217 ms-image \" aria-roledescription=\"slide\" aria-label=\"slide-2217\"><img decoding=\"async\" src=\"https:\/\/www.innovrim.org\/wp-content\/uploads\/2025\/01\/WhatsApp-Image-2025-01-20-at-4.46.22-PM-3-700x300.jpeg\" height=\"300\" width=\"700\" alt=\"\" class=\"slider-2215 slide-2217\" title=\"WhatsApp Image 2025-01-20 at 4.46.22 PM (3)\" \/><div class=\"caption-wrap\"><div class=\"caption\"><div>Bienvenue au TierLieu<\/div><\/div><\/div><\/li>\n                <li style=\"display: none; width: 100%;\" class=\"slide-2219 ms-image \" aria-roledescription=\"slide\" aria-label=\"slide-2219\"><img loading=\"lazy\" decoding=\"async\" src=\"https:\/\/www.innovrim.org\/wp-content\/uploads\/2025\/01\/20240614_182904-scaled-700x300.jpg\" height=\"300\" width=\"700\" alt=\"\" class=\"slider-2215 slide-2219\" title=\"20240614_182904\" \/><div class=\"caption-wrap\"><div class=\"caption\"><div>Espace Potager<\/div><\/div><\/div><\/li>\n                <li style=\"display: none; width: 100%;\" class=\"slide-2221 ms-image \" aria-roledescription=\"slide\" aria-label=\"slide-2221\"><img loading=\"lazy\" decoding=\"async\" src=\"https:\/\/www.innovrim.org\/wp-content\/uploads\/2025\/01\/WhatsApp-Image-2024-12-19-at-7.51.08-PM-700x300.jpeg\" height=\"300\" width=\"700\" alt=\"\" class=\"slider-2215 slide-2221\" title=\"WhatsApp Image 2024-12-19 at 7.51.08 PM\" \/><div class=\"caption-wrap\"><div class=\"caption\"><div>Espace d&rsquo;exp\u00e9rimentation<\/div><\/div><\/div><\/li>\n                <li style=\"display: none; width: 100%;\" class=\"slide-2223 ms-image \" aria-roledescription=\"slide\" aria-label=\"slide-2223\"><img loading=\"lazy\" decoding=\"async\" src=\"https:\/\/www.innovrim.org\/wp-content\/uploads\/2025\/01\/WhatsApp-Image-2024-12-19-at-7.51.09-PM-3-700x300.jpeg\" height=\"300\" width=\"700\" alt=\"\" class=\"slider-2215 slide-2223\" title=\"WhatsApp Image 2024-12-19 at 7.51.09 PM (3)\" \/><div class=\"caption-wrap\"><div class=\"caption\"><div>Espace d&rsquo;\u00e9change<\/div><\/div><\/div><\/li>\n                <li style=\"display: none; width: 100%;\" class=\"slide-2225 ms-image \" aria-roledescription=\"slide\" aria-label=\"slide-2225\"><img loading=\"lazy\" decoding=\"async\" src=\"https:\/\/www.innovrim.org\/wp-content\/uploads\/2025\/01\/WhatsApp-Image-2025-01-20-at-4.36.13-PM-2-700x300.jpeg\" height=\"300\" width=\"700\" alt=\"\" class=\"slider-2215 slide-2225\" title=\"WhatsApp Image 2025-01-20 at 4.36.13 PM (2)\" \/><\/li>\n            <\/ul>\n        <\/div>\n        \n    <\/div>\n<\/div>\t\t\t\t\t\t\t\t<\/div>\n\t\t\t\t<\/div>\n\t\t\t\t\t<\/div>\n\t\t\t\t<\/div>\n\t\t\t\t<\/div>\n\t\t","protected":false},"excerpt":{"rendered":"<p>Le Tiers-Lieu InnovRim est un espace multifonctionnel d\u00e9di\u00e9 \u00e0 la promotion de l&rsquo;innovation, de la cr\u00e9ativit\u00e9 et de l&rsquo;entrepreneuriat, con\u00e7u pour r\u00e9pondre aux besoins des jeunes, des entrepreneurs, des artisans et de la communaut\u00e9 locale en g\u00e9n\u00e9ral. Situ\u00e9 \u00e0 Nouakchott, en Mauritanie, il se positionne comme un catalyseur de comp\u00e9tences et d\u2019id\u00e9es pour relever les [&hellip;]<\/p>\n","protected":false},"author":3,"featured_media":0,"parent":0,"menu_order":0,"comment_status":"closed","ping_status":"closed","template":"","meta":{"ngg_post_thumbnail":0,"_vp_format_video_url":"","_vp_image_focal_point":[],"footnotes":""},"class_list":["post-777","page","type-page","status-publish","hentry"],"_links":{"self":[{"href":"https:\/\/www.innovrim.org\/index.php\/wp-json\/wp\/v2\/pages\/777","targetHints":{"allow":["GET"]}}],"collection":[{"href":"https:\/\/www.innovrim.org\/index.php\/wp-json\/wp\/v2\/pages"}],"about":[{"href":"https:\/\/www.innovrim.org\/index.php\/wp-json\/wp\/v2\/types\/page"}],"author":[{"embeddable":true,"href":"https:\/\/www.innovrim.org\/index.php\/wp-json\/wp\/v2\/users\/3"}],"replies":[{"embeddable":true,"href":"https:\/\/www.innovrim.org\/index.php\/wp-json\/wp\/v2\/comments?post=777"}],"version-history":[{"count":23,"href":"https:\/\/www.innovrim.org\/index.php\/wp-json\/wp\/v2\/pages\/777\/revisions"}],"predecessor-version":[{"id":2238,"href":"https:\/\/www.innovrim.org\/index.php\/wp-json\/wp\/v2\/pages\/777\/revisions\/2238"}],"wp:attachment":[{"href":"https:\/\/www.innovrim.org\/index.php\/wp-json\/wp\/v2\/media?parent=777"}],"curies":[{"name":"wp","href":"https:\/\/api.w.org\/{rel}","templated":true}]}}