{"id":969,"date":"2022-06-28T09:42:44","date_gmt":"2022-06-28T09:42:44","guid":{"rendered":"https:\/\/startersites.io\/elementor\/web-agency\/?page_id=969"},"modified":"2025-01-20T17:04:34","modified_gmt":"2025-01-20T16:04:34","slug":"a-propos","status":"publish","type":"page","link":"https:\/\/www.innovrim.org\/index.php\/a-propos\/","title":{"rendered":"A propos"},"content":{"rendered":"\t\t<div data-elementor-type=\"wp-page\" data-elementor-id=\"969\" class=\"elementor elementor-969\">\n\t\t\t\t<div class=\"elementor-element elementor-element-dbfec37 e-flex e-con-boxed e-con e-parent\" data-id=\"dbfec37\" data-element_type=\"container\">\n\t\t\t\t\t<div class=\"e-con-inner\">\n\t\t\t\t<div class=\"elementor-element elementor-element-d4cb86e elementor-widget elementor-widget-text-editor\" data-id=\"d4cb86e\" data-element_type=\"widget\" data-widget_type=\"text-editor.default\">\n\t\t\t\t<div class=\"elementor-widget-container\">\n\t\t\t\t\t\t\t\t\t<p style=\"font-style: normal; font-variant-ligatures: normal; font-variant-caps: normal; font-weight: 400; font-size: 16px; font-family: -apple-system, BlinkMacSystemFont, 'Segoe UI', Roboto, Helvetica, Arial, sans-serif, 'Apple Color Emoji', 'Segoe UI Emoji', 'Segoe UI Symbol'; margin-block-end: var(--theme-content-spacing);\"><strong>InnovRIM<\/strong>\u00a0est une structure pionni\u00e8re en Mauritanie, combinant un incubateur et un FabLab pour offrir des services d\u2019accompagnement entrepreneurial et de fabrication num\u00e9rique. InnovRIM est \u00e0 l&rsquo;origine de la cr\u00e9ation de\u00a0<strong>SahelFabLab<\/strong>, le premier FabLab du pays, d\u00e9di\u00e9 \u00e0 la promotion de l\u2019innovation, de la cr\u00e9ativit\u00e9 et du d\u00e9veloppement des comp\u00e9tences num\u00e9riques.<\/p><p style=\"font-style: normal; font-variant-ligatures: normal; font-variant-caps: normal; font-weight: 400; font-size: 16px; font-family: -apple-system, BlinkMacSystemFont, 'Segoe UI', Roboto, Helvetica, Arial, sans-serif, 'Apple Color Emoji', 'Segoe UI Emoji', 'Segoe UI Symbol'; margin-block-end: var(--theme-content-spacing);\">InnovRIM a \u00e9t\u00e9 con\u00e7u pour r\u00e9pondre aux besoins des \u00e9tudiants, des \u00e9l\u00e8ves, des microentreprises, des travailleurs ind\u00e9pendants, des entrepreneurs, des start-ups, ainsi que des professionnels du secteur num\u00e9rique, des designers, et d\u2019autres acteurs des arts num\u00e9riques, dont les m\u00e9tiers ne s\u2019inscrivent pas dans un mod\u00e8le de bureau traditionnel.<\/p>\t\t\t\t\t\t\t\t<\/div>\n\t\t\t\t<\/div>\n\t\t\t\t\t<\/div>\n\t\t\t\t<\/div>\n\t\t<div class=\"elementor-element elementor-element-f742e27 e-con-full e-flex e-con e-parent\" data-id=\"f742e27\" data-element_type=\"container\" data-settings=\"{&quot;background_background&quot;:&quot;classic&quot;}\">\n\t\t\t\t<div class=\"elementor-element elementor-element-2fce5de elementor-widget elementor-widget-heading\" data-id=\"2fce5de\" data-element_type=\"widget\" data-widget_type=\"heading.default\">\n\t\t\t\t<div class=\"elementor-widget-container\">\n\t\t\t\t\t<h2 class=\"elementor-heading-title elementor-size-default\"><span style=\"font-size: 17.6px\">Mission et Objectifs<\/span><\/h2>\t\t\t\t<\/div>\n\t\t\t\t<\/div>\n\t\t<div class=\"elementor-element elementor-element-9823d01 e-flex e-con-boxed e-con e-child\" data-id=\"9823d01\" data-element_type=\"container\">\n\t\t\t\t\t<div class=\"e-con-inner\">\n\t\t\t\t<div class=\"elementor-element elementor-element-47a7cfa elementor-widget__width-initial elementor-widget elementor-widget-text-editor\" data-id=\"47a7cfa\" data-element_type=\"widget\" data-widget_type=\"text-editor.default\">\n\t\t\t\t<div class=\"elementor-widget-container\">\n\t\t\t\t\t\t\t\t\t<p><br \/>\uf0b7 Renforcer les comp\u00e9tences num\u00e9riques<\/p><p>\uf0b7Promouvoir en Mauritanie, l\u2019innovation technologique<span style=\"text-align: var(--text-align); background-color: var(--wp--preset--color--background); color: var(--wp--preset--color--body-text); font-family: var(--wp--preset--font-family--dm-sans); font-size: var(--wp--preset--font-size--normal); font-weight: var(--wp--custom--typography--font-weight--normal);\">\u00a0<\/span><span style=\"text-align: var(--text-align); background-color: var(--wp--preset--color--background); color: var(--wp--preset--color--body-text); font-family: var(--wp--preset--font-family--dm-sans); font-size: var(--wp--preset--font-size--normal); font-weight: var(--wp--custom--typography--font-weight--normal);\">et entrepreneuriale<\/span><span style=\"text-align: var(--text-align); background-color: var(--wp--preset--color--background); color: var(--wp--preset--color--body-text); font-family: var(--wp--preset--font-family--dm-sans); font-size: var(--wp--preset--font-size--normal); font-weight: var(--wp--custom--typography--font-weight--normal);\">\u00a0comme levier d\u2019inclusion<\/span><\/p><p>\uf0b7D\u00e9velopper des projets durables qui r\u00e9pondent aux besoins des populations<br \/>\uf0b7Encourager la participation active des femmes dans les m\u00e9tiers du num\u00e9rique<\/p>\t\t\t\t\t\t\t\t<\/div>\n\t\t\t\t<\/div>\n\t\t<div class=\"elementor-element elementor-element-9c814e7 e-con-full e-flex e-con e-child\" data-id=\"9c814e7\" data-element_type=\"container\">\n\t\t\t\t<div class=\"elementor-element elementor-element-a1b4ef1 elementor-widget elementor-widget-video\" data-id=\"a1b4ef1\" data-element_type=\"widget\" data-settings=\"{&quot;youtube_url&quot;:&quot;https:\\\/\\\/www.youtube.com\\\/watch?v=VaESog14L0s&amp;t=6s&quot;,&quot;video_type&quot;:&quot;youtube&quot;,&quot;controls&quot;:&quot;yes&quot;}\" data-widget_type=\"video.default\">\n\t\t\t\t<div class=\"elementor-widget-container\">\n\t\t\t\t\t\t\t<div class=\"elementor-wrapper elementor-open-inline\">\n\t\t\t<div class=\"elementor-video\"><\/div>\t\t<\/div>\n\t\t\t\t\t\t<\/div>\n\t\t\t\t<\/div>\n\t\t\t\t<\/div>\n\t\t\t\t\t<\/div>\n\t\t\t\t<\/div>\n\t\t<div class=\"elementor-element elementor-element-769cda9 e-con-full e-flex e-con e-child\" data-id=\"769cda9\" data-element_type=\"container\" data-settings=\"{&quot;background_background&quot;:&quot;classic&quot;}\">\n\t\t\t\t<\/div>\n\t\t\t\t<\/div>\n\t\t<div class=\"elementor-element elementor-element-7188a74 e-flex e-con-boxed e-con e-parent\" data-id=\"7188a74\" data-element_type=\"container\">\n\t\t\t\t\t<div class=\"e-con-inner\">\n\t\t\t\t<div class=\"elementor-element elementor-element-dff5a72 elementor-widget elementor-widget-heading\" data-id=\"dff5a72\" data-element_type=\"widget\" data-widget_type=\"heading.default\">\n\t\t\t\t<div class=\"elementor-widget-container\">\n\t\t\t\t\t<h2 class=\"elementor-heading-title elementor-size-default\">Vision <\/h2>\t\t\t\t<\/div>\n\t\t\t\t<\/div>\n\t\t\t\t\t<\/div>\n\t\t\t\t<\/div>\n\t\t<div class=\"elementor-element elementor-element-6b984a1 e-flex e-con-boxed e-con e-parent\" data-id=\"6b984a1\" data-element_type=\"container\">\n\t\t\t\t\t<div class=\"e-con-inner\">\n\t\t<div class=\"elementor-element elementor-element-0bb7fe0 e-con-full e-flex e-con e-child\" data-id=\"0bb7fe0\" data-element_type=\"container\">\n\t\t\t\t<div class=\"elementor-element elementor-element-11b3199 elementor-widget elementor-widget-text-editor\" data-id=\"11b3199\" data-element_type=\"widget\" data-widget_type=\"text-editor.default\">\n\t\t\t\t<div class=\"elementor-widget-container\">\n\t\t\t\t\t\t\t\t\t<p>\u00catre un catalyseur majeur de l&rsquo;innovation et de la transformation digitale en Mauritanie et au-del\u00e0, en favorisant l\u2019\u00e9mergence de talents, d\u2019entrepreneurs, et de solutions technologiques durables pour relever les d\u00e9fis \u00e9conomiques et sociaux de la r\u00e9gion. InnovRim aspire \u00e0 devenir une r\u00e9f\u00e9rence dans l&rsquo;accompagnement des jeunes, des femmes et des entrepreneurs en mati\u00e8re d\u2019innovation, de cr\u00e9ativit\u00e9 et d&rsquo;excellence num\u00e9rique.<\/p>\t\t\t\t\t\t\t\t<\/div>\n\t\t\t\t<\/div>\n\t\t\t\t<\/div>\n\t\t<div class=\"elementor-element elementor-element-a4e3ef8 e-con-full e-flex e-con e-child\" data-id=\"a4e3ef8\" data-element_type=\"container\">\n\t\t\t\t<div class=\"elementor-element elementor-element-e47230b elementor-widget elementor-widget-image\" data-id=\"e47230b\" data-element_type=\"widget\" data-widget_type=\"image.default\">\n\t\t\t\t<div class=\"elementor-widget-container\">\n\t\t\t\t\t\t\t\t\t\t\t\t\t\t\t<img fetchpriority=\"high\" decoding=\"async\" width=\"572\" height=\"374\" src=\"https:\/\/www.innovrim.org\/wp-content\/uploads\/2025\/01\/Capture-decran-2025-01-16-162859-1.png\" class=\"attachment-large size-large wp-image-2159\" alt=\"\" srcset=\"https:\/\/www.innovrim.org\/wp-content\/uploads\/2025\/01\/Capture-decran-2025-01-16-162859-1.png 572w, https:\/\/www.innovrim.org\/wp-content\/uploads\/2025\/01\/Capture-decran-2025-01-16-162859-1-300x196.png 300w, https:\/\/www.innovrim.org\/wp-content\/uploads\/2025\/01\/Capture-decran-2025-01-16-162859-1-500x327.png 500w\" sizes=\"(max-width: 572px) 100vw, 572px\" \/>\t\t\t\t\t\t\t\t\t\t\t\t\t\t\t<\/div>\n\t\t\t\t<\/div>\n\t\t\t\t<\/div>\n\t\t\t\t\t<\/div>\n\t\t\t\t<\/div>\n\t\t<div class=\"elementor-element elementor-element-782968f e-flex e-con-boxed e-con e-parent\" data-id=\"782968f\" data-element_type=\"container\">\n\t\t\t\t\t<div class=\"e-con-inner\">\n\t\t\t\t<div class=\"elementor-element elementor-element-1ea6729 elementor-widget elementor-widget-heading\" data-id=\"1ea6729\" data-element_type=\"widget\" data-widget_type=\"heading.default\">\n\t\t\t\t<div class=\"elementor-widget-container\">\n\t\t\t\t\t<h2 class=\"elementor-heading-title elementor-size-default\">Valeurs<\/h2>\t\t\t\t<\/div>\n\t\t\t\t<\/div>\n\t\t\t\t\t<\/div>\n\t\t\t\t<\/div>\n\t\t<div class=\"elementor-element elementor-element-34f13a3 e-flex e-con-boxed e-con e-parent\" data-id=\"34f13a3\" data-element_type=\"container\">\n\t\t\t\t\t<div class=\"e-con-inner\">\n\t\t<div class=\"elementor-element elementor-element-0961103 e-con-full e-flex e-con e-child\" data-id=\"0961103\" data-element_type=\"container\">\n\t\t\t\t<div class=\"elementor-element elementor-element-a04c5fb elementor-widget elementor-widget-text-editor\" data-id=\"a04c5fb\" data-element_type=\"widget\" data-widget_type=\"text-editor.default\">\n\t\t\t\t<div class=\"elementor-widget-container\">\n\t\t\t\t\t\t\t\t\t<ul><li><strong>Innovation<\/strong> : Encourager la cr\u00e9ativit\u00e9 et l\u2019adoption de nouvelles technologies pour d\u00e9velopper des solutions adapt\u00e9es aux besoins locaux et globaux.<\/li><li><strong>Inclusion<\/strong> : Promouvoir l\u2019\u00e9galit\u00e9 des chances et soutenir les jeunes, les femmes, et les communaut\u00e9s marginalis\u00e9es pour leur int\u00e9gration dans l\u2019\u00e9conomie num\u00e9rique.<\/li><li><strong>Excellence<\/strong> : Offrir des formations, des services et des produits de haute qualit\u00e9 pour renforcer les comp\u00e9tences et le savoir-faire des b\u00e9n\u00e9ficiaires.<\/li><\/ul>\t\t\t\t\t\t\t\t<\/div>\n\t\t\t\t<\/div>\n\t\t\t\t<\/div>\n\t\t<div class=\"elementor-element elementor-element-11643a5 e-con-full e-flex e-con e-child\" data-id=\"11643a5\" data-element_type=\"container\">\n\t\t\t\t<div class=\"elementor-element elementor-element-3dc93c1 elementor-widget elementor-widget-text-editor\" data-id=\"3dc93c1\" data-element_type=\"widget\" data-widget_type=\"text-editor.default\">\n\t\t\t\t<div class=\"elementor-widget-container\">\n\t\t\t\t\t\t\t\t\t<ul><li><strong>Collaboration<\/strong> : Cr\u00e9er des synergies entre les diff\u00e9rents acteurs, incluant les startups, les \u00e9tudiants, les entreprises et les institutions publiques, pour b\u00e2tir un \u00e9cosyst\u00e8me technologique fort.<\/li><li><strong>Durabilit\u00e9<\/strong> : S\u2019engager \u00e0 promouvoir des pratiques responsables et des solutions durables pour le d\u00e9veloppement \u00e9conomique et environnemental.<\/li><li><strong>R\u00e9silience<\/strong> : Soutenir l\u2019autonomisation des jeunes et des entrepreneurs en leur donnant les moyens de s\u2019adapter aux d\u00e9fis d\u2019un monde en constante \u00e9volution.<\/li><\/ul>\t\t\t\t\t\t\t\t<\/div>\n\t\t\t\t<\/div>\n\t\t\t\t<\/div>\n\t\t<div class=\"elementor-element elementor-element-d7556b9 e-con-full e-flex e-con e-child\" data-id=\"d7556b9\" data-element_type=\"container\">\n\t\t\t\t<div class=\"elementor-element elementor-element-fce8f2d elementor-widget elementor-widget-image\" data-id=\"fce8f2d\" data-element_type=\"widget\" data-widget_type=\"image.default\">\n\t\t\t\t<div class=\"elementor-widget-container\">\n\t\t\t\t\t\t\t\t\t\t\t\t\t\t\t<img decoding=\"async\" width=\"750\" height=\"350\" src=\"https:\/\/www.innovrim.org\/wp-content\/uploads\/2025\/01\/3-750x350-1.jpg\" class=\"attachment-large size-large wp-image-2025\" alt=\"\" srcset=\"https:\/\/www.innovrim.org\/wp-content\/uploads\/2025\/01\/3-750x350-1.jpg 750w, https:\/\/www.innovrim.org\/wp-content\/uploads\/2025\/01\/3-750x350-1-300x140.jpg 300w, https:\/\/www.innovrim.org\/wp-content\/uploads\/2025\/01\/3-750x350-1-500x233.jpg 500w, https:\/\/www.innovrim.org\/wp-content\/uploads\/2025\/01\/3-750x350-1-600x280.jpg 600w\" sizes=\"(max-width: 750px) 100vw, 750px\" \/>\t\t\t\t\t\t\t\t\t\t\t\t\t\t\t<\/div>\n\t\t\t\t<\/div>\n\t\t\t\t<\/div>\n\t\t\t\t\t<\/div>\n\t\t\t\t<\/div>\n\t\t<div class=\"elementor-element elementor-element-fb7ca35 e-flex e-con-boxed e-con e-parent\" data-id=\"fb7ca35\" data-element_type=\"container\">\n\t\t\t\t\t<div class=\"e-con-inner\">\n\t\t\t\t<div class=\"elementor-element elementor-element-239a47e elementor-widget elementor-widget-heading\" data-id=\"239a47e\" data-element_type=\"widget\" data-widget_type=\"heading.default\">\n\t\t\t\t<div class=\"elementor-widget-container\">\n\t\t\t\t\t<h2 class=\"elementor-heading-title elementor-size-default\">Activit\u00e9s<\/h2>\t\t\t\t<\/div>\n\t\t\t\t<\/div>\n\t\t\t\t\t<\/div>\n\t\t\t\t<\/div>\n\t\t<div class=\"elementor-element elementor-element-940dc97 e-flex e-con-boxed e-con e-parent\" data-id=\"940dc97\" data-element_type=\"container\">\n\t\t\t\t\t<div class=\"e-con-inner\">\n\t\t<div class=\"elementor-element elementor-element-66347a9 e-con-full e-flex e-con e-child\" data-id=\"66347a9\" data-element_type=\"container\">\n\t\t\t\t<div class=\"elementor-element elementor-element-45f22ac elementor-widget elementor-widget-text-editor\" data-id=\"45f22ac\" data-element_type=\"widget\" data-widget_type=\"text-editor.default\">\n\t\t\t\t<div class=\"elementor-widget-container\">\n\t\t\t\t\t\t\t\t\t<p>SahelFabLab : Le premier FabLab en Mauritanie, un espace de fabrication num\u00e9rique \u00e9quip\u00e9 pour le prototypage, la conception, et l\u2019innovation.<\/p>\t\t\t\t\t\t\t\t<\/div>\n\t\t\t\t<\/div>\n\t\t\t\t<\/div>\n\t\t<div class=\"elementor-element elementor-element-33f45f8 e-con-full e-flex e-con e-child\" data-id=\"33f45f8\" data-element_type=\"container\">\n\t\t\t\t<div class=\"elementor-element elementor-element-ebb4d68 elementor-widget elementor-widget-text-editor\" data-id=\"ebb4d68\" data-element_type=\"widget\" data-widget_type=\"text-editor.default\">\n\t\t\t\t<div class=\"elementor-widget-container\">\n\t\t\t\t\t\t\t\t\t<p>Incubation de startups : Accompagnement strat\u00e9gique pour les entrepreneurs \u00e0 travers des formations, du mentorat et un acc\u00e8s aux ressources.<\/p>\t\t\t\t\t\t\t\t<\/div>\n\t\t\t\t<\/div>\n\t\t\t\t<\/div>\n\t\t<div class=\"elementor-element elementor-element-7e248e5 e-con-full e-flex e-con e-child\" data-id=\"7e248e5\" data-element_type=\"container\">\n\t\t\t\t<div class=\"elementor-element elementor-element-68fe60f elementor-widget elementor-widget-text-editor\" data-id=\"68fe60f\" data-element_type=\"widget\" data-widget_type=\"text-editor.default\">\n\t\t\t\t<div class=\"elementor-widget-container\">\n\t\t\t\t\t\t\t\t\t<p><strong>Formations en Comp\u00e9tences Num\u00e9riques<\/strong><br \/>\u2022 Initiation et perfectionnement en technologies \u00e9mergentes : Mod\u00e9lisation 3D, Internet des Objets (IoT), informatique embarqu\u00e9e, prototypage num\u00e9rique.<br \/>\u2022 Ateliers de codage et d\u00e9veloppement web pour\u00a0 jeunes et adultes.<br \/>\u2022 Programmes de digital literacy pour les populations locales, visant \u00e0 r\u00e9duire la fracture num\u00e9rique.<\/p>\t\t\t\t\t\t\t\t<\/div>\n\t\t\t\t<\/div>\n\t\t\t\t<\/div>\n\t\t\t\t\t<\/div>\n\t\t\t\t<\/div>\n\t\t<div class=\"elementor-element elementor-element-a822f0a e-flex e-con-boxed e-con e-parent\" data-id=\"a822f0a\" data-element_type=\"container\">\n\t\t\t\t\t<div class=\"e-con-inner\">\n\t\t\t\t<div class=\"elementor-element elementor-element-749d867 elementor-widget elementor-widget-image\" data-id=\"749d867\" data-element_type=\"widget\" data-widget_type=\"image.default\">\n\t\t\t\t<div class=\"elementor-widget-container\">\n\t\t\t\t\t\t\t\t\t\t\t\t\t\t\t<img decoding=\"async\" width=\"768\" height=\"432\" src=\"https:\/\/www.innovrim.org\/wp-content\/uploads\/2025\/01\/127541573_2825970641021475_7857560971180254985_n-768x432-1.jpg\" class=\"attachment-large size-large wp-image-2180\" alt=\"\" srcset=\"https:\/\/www.innovrim.org\/wp-content\/uploads\/2025\/01\/127541573_2825970641021475_7857560971180254985_n-768x432-1.jpg 768w, https:\/\/www.innovrim.org\/wp-content\/uploads\/2025\/01\/127541573_2825970641021475_7857560971180254985_n-768x432-1-300x169.jpg 300w, https:\/\/www.innovrim.org\/wp-content\/uploads\/2025\/01\/127541573_2825970641021475_7857560971180254985_n-768x432-1-500x281.jpg 500w\" sizes=\"(max-width: 768px) 100vw, 768px\" \/>\t\t\t\t\t\t\t\t\t\t\t\t\t\t\t<\/div>\n\t\t\t\t<\/div>\n\t\t\t\t\t<\/div>\n\t\t\t\t<\/div>\n\t\t<div class=\"elementor-element elementor-element-088259d e-flex e-con-boxed e-con e-parent\" data-id=\"088259d\" data-element_type=\"container\">\n\t\t\t\t\t<div class=\"e-con-inner\">\n\t\t\t\t<div class=\"elementor-element elementor-element-5951a83 elementor-widget elementor-widget-heading\" data-id=\"5951a83\" data-element_type=\"widget\" data-widget_type=\"heading.default\">\n\t\t\t\t<div class=\"elementor-widget-container\">\n\t\t\t\t\t<h2 class=\"elementor-heading-title elementor-size-default\">Formation et Int\u00e9gration Professionnelle<\/h2>\t\t\t\t<\/div>\n\t\t\t\t<\/div>\n\t\t\t\t\t<\/div>\n\t\t\t\t<\/div>\n\t\t<div class=\"elementor-element elementor-element-d6cbd99 e-flex e-con-boxed e-con e-parent\" data-id=\"d6cbd99\" data-element_type=\"container\">\n\t\t\t\t\t<div class=\"e-con-inner\">\n\t\t<div class=\"elementor-element elementor-element-52c7bbe e-con-full e-flex e-con e-child\" data-id=\"52c7bbe\" data-element_type=\"container\">\n\t\t\t\t<div class=\"elementor-element elementor-element-6504181 elementor-widget elementor-widget-text-editor\" data-id=\"6504181\" data-element_type=\"widget\" data-widget_type=\"text-editor.default\">\n\t\t\t\t<div class=\"elementor-widget-container\">\n\t\t\t\t\t\t\t\t\t<p>Formation aux m\u00e9tiers du num\u00e9rique destin\u00e9e aux jeunes universitaires, entrepreneurs, et passionn\u00e9s des nouvelles technologies, pour les pr\u00e9parer aux emplois du futur.<\/p>\t\t\t\t\t\t\t\t<\/div>\n\t\t\t\t<\/div>\n\t\t\t\t<\/div>\n\t\t<div class=\"elementor-element elementor-element-424c281 e-con-full e-flex e-con e-child\" data-id=\"424c281\" data-element_type=\"container\">\n\t\t\t\t<div class=\"elementor-element elementor-element-07c8dab elementor-widget elementor-widget-text-editor\" data-id=\"07c8dab\" data-element_type=\"widget\" data-widget_type=\"text-editor.default\">\n\t\t\t\t<div class=\"elementor-widget-container\">\n\t\t\t\t\t\t\t\t\t<p>Ateliers d&rsquo;acquisition de comp\u00e9tences professionnelles pour am\u00e9liorer l\u2019employabilit\u00e9 des jeunes.<\/p>\t\t\t\t\t\t\t\t<\/div>\n\t\t\t\t<\/div>\n\t\t\t\t<\/div>\n\t\t<div class=\"elementor-element elementor-element-031023f e-con-full e-flex e-con e-child\" data-id=\"031023f\" data-element_type=\"container\">\n\t\t\t\t<div class=\"elementor-element elementor-element-09de44a elementor-widget elementor-widget-text-editor\" data-id=\"09de44a\" data-element_type=\"widget\" data-widget_type=\"text-editor.default\">\n\t\t\t\t<div class=\"elementor-widget-container\">\n\t\t\t\t\t\t\t\t\t<p>Support \u00e0 l\u2019int\u00e9gration professionnelle en connectant les jeunes form\u00e9s aux opportunit\u00e9s sur le march\u00e9 du travail.<\/p>\t\t\t\t\t\t\t\t<\/div>\n\t\t\t\t<\/div>\n\t\t\t\t<\/div>\n\t\t\t\t\t<\/div>\n\t\t\t\t<\/div>\n\t\t<div class=\"elementor-element elementor-element-d1c6c4f e-grid e-con-boxed e-con e-parent\" data-id=\"d1c6c4f\" data-element_type=\"container\">\n\t\t\t\t\t<div class=\"e-con-inner\">\n\t\t\t\t<div class=\"elementor-element elementor-element-5cfa141 elementor-widget elementor-widget-video\" data-id=\"5cfa141\" data-element_type=\"widget\" data-settings=\"{&quot;youtube_url&quot;:&quot;https:\\\/\\\/www.youtube.com\\\/watch?v=flDA5KwsTAE&quot;,&quot;video_type&quot;:&quot;youtube&quot;,&quot;controls&quot;:&quot;yes&quot;}\" data-widget_type=\"video.default\">\n\t\t\t\t<div class=\"elementor-widget-container\">\n\t\t\t\t\t\t\t<div class=\"elementor-wrapper elementor-open-inline\">\n\t\t\t<div class=\"elementor-video\"><\/div>\t\t<\/div>\n\t\t\t\t\t\t<\/div>\n\t\t\t\t<\/div>\n\t\t\t\t<div class=\"elementor-element elementor-element-21e0bee elementor-widget elementor-widget-video\" data-id=\"21e0bee\" data-element_type=\"widget\" data-settings=\"{&quot;youtube_url&quot;:&quot;https:\\\/\\\/www.youtube.com\\\/watch?v=7_anVYDzqYw&quot;,&quot;video_type&quot;:&quot;youtube&quot;,&quot;controls&quot;:&quot;yes&quot;}\" data-widget_type=\"video.default\">\n\t\t\t\t<div class=\"elementor-widget-container\">\n\t\t\t\t\t\t\t<div class=\"elementor-wrapper elementor-open-inline\">\n\t\t\t<div class=\"elementor-video\"><\/div>\t\t<\/div>\n\t\t\t\t\t\t<\/div>\n\t\t\t\t<\/div>\n\t\t\t\t<div class=\"elementor-element elementor-element-5546ac6 elementor-widget elementor-widget-video\" data-id=\"5546ac6\" data-element_type=\"widget\" data-settings=\"{&quot;youtube_url&quot;:&quot;https:\\\/\\\/www.youtube.com\\\/watch?v=3avUG7JNVvM&quot;,&quot;video_type&quot;:&quot;youtube&quot;,&quot;controls&quot;:&quot;yes&quot;}\" data-widget_type=\"video.default\">\n\t\t\t\t<div class=\"elementor-widget-container\">\n\t\t\t\t\t\t\t<div class=\"elementor-wrapper elementor-open-inline\">\n\t\t\t<div class=\"elementor-video\"><\/div>\t\t<\/div>\n\t\t\t\t\t\t<\/div>\n\t\t\t\t<\/div>\n\t\t\t\t\t<\/div>\n\t\t\t\t<\/div>\n\t\t<div class=\"elementor-element elementor-element-333ef7c e-flex e-con-boxed e-con e-parent\" data-id=\"333ef7c\" data-element_type=\"container\">\n\t\t\t\t\t<div class=\"e-con-inner\">\n\t\t\t\t<div class=\"elementor-element elementor-element-2d1584c elementor-widget elementor-widget-heading\" data-id=\"2d1584c\" data-element_type=\"widget\" data-widget_type=\"heading.default\">\n\t\t\t\t<div class=\"elementor-widget-container\">\n\t\t\t\t\t<h2 class=\"elementor-heading-title elementor-size-default\">Suivez-nous sur les r\u00e9seaux sociaux <\/h2>\t\t\t\t<\/div>\n\t\t\t\t<\/div>\n\t\t\t\t\t<\/div>\n\t\t\t\t<\/div>\n\t\t<div class=\"elementor-element elementor-element-3bb40a2 e-flex e-con-boxed e-con e-parent\" data-id=\"3bb40a2\" data-element_type=\"container\">\n\t\t\t\t\t<div class=\"e-con-inner\">\n\t\t\t\t<div class=\"elementor-element elementor-element-55152ea elementor-shape-rounded elementor-grid-0 e-grid-align-center elementor-widget elementor-widget-social-icons\" data-id=\"55152ea\" data-element_type=\"widget\" data-widget_type=\"social-icons.default\">\n\t\t\t\t<div class=\"elementor-widget-container\">\n\t\t\t\t\t\t\t<div class=\"elementor-social-icons-wrapper elementor-grid\">\n\t\t\t\t\t\t\t<span class=\"elementor-grid-item\">\n\t\t\t\t\t<a class=\"elementor-icon elementor-social-icon elementor-social-icon-facebook elementor-repeater-item-374b448\" href=\"https:\/\/www.facebook.com\/innovrim\" target=\"_blank\">\n\t\t\t\t\t\t<span class=\"elementor-screen-only\">Facebook<\/span>\n\t\t\t\t\t\t<svg class=\"e-font-icon-svg e-fab-facebook\" viewBox=\"0 0 512 512\" xmlns=\"http:\/\/www.w3.org\/2000\/svg\"><path d=\"M504 256C504 119 393 8 256 8S8 119 8 256c0 123.78 90.69 226.38 209.25 245V327.69h-63V256h63v-54.64c0-62.15 37-96.48 93.67-96.48 27.14 0 55.52 4.84 55.52 4.84v61h-31.28c-30.8 0-40.41 19.12-40.41 38.73V256h68.78l-11 71.69h-57.78V501C413.31 482.38 504 379.78 504 256z\"><\/path><\/svg>\t\t\t\t\t<\/a>\n\t\t\t\t<\/span>\n\t\t\t\t\t\t\t<span class=\"elementor-grid-item\">\n\t\t\t\t\t<a class=\"elementor-icon elementor-social-icon elementor-social-icon-youtube elementor-repeater-item-66ce159\" href=\"https:\/\/www.youtube.com\/@innovrim7412\" target=\"_blank\">\n\t\t\t\t\t\t<span class=\"elementor-screen-only\">Youtube<\/span>\n\t\t\t\t\t\t<svg class=\"e-font-icon-svg e-fab-youtube\" viewBox=\"0 0 576 512\" xmlns=\"http:\/\/www.w3.org\/2000\/svg\"><path d=\"M549.655 124.083c-6.281-23.65-24.787-42.276-48.284-48.597C458.781 64 288 64 288 64S117.22 64 74.629 75.486c-23.497 6.322-42.003 24.947-48.284 48.597-11.412 42.867-11.412 132.305-11.412 132.305s0 89.438 11.412 132.305c6.281 23.65 24.787 41.5 48.284 47.821C117.22 448 288 448 288 448s170.78 0 213.371-11.486c23.497-6.321 42.003-24.171 48.284-47.821 11.412-42.867 11.412-132.305 11.412-132.305s0-89.438-11.412-132.305zm-317.51 213.508V175.185l142.739 81.205-142.739 81.201z\"><\/path><\/svg>\t\t\t\t\t<\/a>\n\t\t\t\t<\/span>\n\t\t\t\t\t<\/div>\n\t\t\t\t\t\t<\/div>\n\t\t\t\t<\/div>\n\t\t\t\t\t<\/div>\n\t\t\t\t<\/div>\n\t\t\t\t<\/div>\n\t\t","protected":false},"excerpt":{"rendered":"<p>InnovRIM\u00a0est une structure pionni\u00e8re en Mauritanie, combinant un incubateur et un FabLab pour offrir des services d\u2019accompagnement entrepreneurial et de fabrication num\u00e9rique. InnovRIM est \u00e0 l&rsquo;origine de la cr\u00e9ation de\u00a0SahelFabLab, le premier FabLab du pays, d\u00e9di\u00e9 \u00e0 la promotion de l\u2019innovation, de la cr\u00e9ativit\u00e9 et du d\u00e9veloppement des comp\u00e9tences num\u00e9riques. InnovRIM a \u00e9t\u00e9 con\u00e7u pour [&hellip;]<\/p>\n","protected":false},"author":3,"featured_media":0,"parent":0,"menu_order":0,"comment_status":"closed","ping_status":"closed","template":"","meta":{"ngg_post_thumbnail":0,"_vp_format_video_url":"","_vp_image_focal_point":[],"footnotes":""},"class_list":["post-969","page","type-page","status-publish","hentry"],"_links":{"self":[{"href":"https:\/\/www.innovrim.org\/index.php\/wp-json\/wp\/v2\/pages\/969","targetHints":{"allow":["GET"]}}],"collection":[{"href":"https:\/\/www.innovrim.org\/index.php\/wp-json\/wp\/v2\/pages"}],"about":[{"href":"https:\/\/www.innovrim.org\/index.php\/wp-json\/wp\/v2\/types\/page"}],"author":[{"embeddable":true,"href":"https:\/\/www.innovrim.org\/index.php\/wp-json\/wp\/v2\/users\/3"}],"replies":[{"embeddable":true,"href":"https:\/\/www.innovrim.org\/index.php\/wp-json\/wp\/v2\/comments?post=969"}],"version-history":[{"count":64,"href":"https:\/\/www.innovrim.org\/index.php\/wp-json\/wp\/v2\/pages\/969\/revisions"}],"predecessor-version":[{"id":2196,"href":"https:\/\/www.innovrim.org\/index.php\/wp-json\/wp\/v2\/pages\/969\/revisions\/2196"}],"wp:attachment":[{"href":"https:\/\/www.innovrim.org\/index.php\/wp-json\/wp\/v2\/media?parent=969"}],"curies":[{"name":"wp","href":"https:\/\/api.w.org\/{rel}","templated":true}]}}